{"id":2012,"date":"2026-01-24T15:12:31","date_gmt":"2026-01-24T13:12:31","guid":{"rendered":"https:\/\/pannoniabutor.hu\/?page_id=2012"},"modified":"2026-01-30T16:53:04","modified_gmt":"2026-01-30T14:53:04","slug":"palyazat-2","status":"publish","type":"page","link":"https:\/\/www.pannoniabutor.hu\/en\/palyazat-2\/","title":{"rendered":"P\u00e1ly\u00e1zat-2"},"content":{"rendered":"<div data-elementor-type=\"wp-page\" data-elementor-id=\"2012\" class=\"elementor elementor-2012\" data-elementor-post-type=\"page\">\n\t\t\t\t\t\t\t<div class=\"elementor-element elementor-element-bb09d85 e-flex e-con-boxed e-con e-parent\" data-id=\"bb09d85\" data-element_type=\"container\" data-settings=\"{&quot;content_width&quot;:&quot;boxed&quot;}\" data-core-v316-plus=\"true\">\n\t\t\t\t\t<div class=\"e-con-inner\">\n\t\t\t\t<div class=\"elementor-element elementor-element-1a06387 elementor-widget__width-initial elementor-widget elementor-widget-image\" data-id=\"1a06387\" data-element_type=\"widget\" data-widget_type=\"image.default\">\n\t\t\t\t<div class=\"elementor-widget-container\">\n\t\t\t<style>\/*! elementor - v3.18.0 - 20-12-2023 *\/\n.elementor-widget-image{text-align:center}.elementor-widget-image a{display:inline-block}.elementor-widget-image a img[src$=\".svg\"]{width:48px}.elementor-widget-image img{vertical-align:middle;display:inline-block}<\/style>\t\t\t\t\t\t\t\t\t\t\t\t<img fetchpriority=\"high\" decoding=\"async\" width=\"2418\" height=\"688\" src=\"https:\/\/www.pannoniabutor.hu\/wp-content\/uploads\/2026\/01\/kedvezmenyezetti_infoblokk_fekvo_magyar_rgb.png\" class=\"attachment-large size-large wp-image-2022\" alt=\"\" srcset=\"https:\/\/www.pannoniabutor.hu\/wp-content\/uploads\/2026\/01\/kedvezmenyezetti_infoblokk_fekvo_magyar_rgb.png 2418w, https:\/\/www.pannoniabutor.hu\/wp-content\/uploads\/2026\/01\/kedvezmenyezetti_infoblokk_fekvo_magyar_rgb-768x219.png 768w, https:\/\/www.pannoniabutor.hu\/wp-content\/uploads\/2026\/01\/kedvezmenyezetti_infoblokk_fekvo_magyar_rgb-1536x437.png 1536w, https:\/\/www.pannoniabutor.hu\/wp-content\/uploads\/2026\/01\/kedvezmenyezetti_infoblokk_fekvo_magyar_rgb-2048x583.png 2048w, https:\/\/www.pannoniabutor.hu\/wp-content\/uploads\/2026\/01\/kedvezmenyezetti_infoblokk_fekvo_magyar_rgb-18x5.png 18w\" sizes=\"(max-width: 2418px) 100vw, 2418px\" \/>\t\t\t\t\t\t\t\t\t\t\t\t\t\t\t<\/div>\n\t\t\t\t<\/div>\n\t\t\t\t\t<\/div>\n\t\t\t\t<\/div>\n\t\t<div class=\"elementor-element elementor-element-97eb7ad e-flex e-con-boxed e-con e-parent\" data-id=\"97eb7ad\" data-element_type=\"container\" data-settings=\"{&quot;content_width&quot;:&quot;boxed&quot;}\" data-core-v316-plus=\"true\">\n\t\t\t\t\t<div class=\"e-con-inner\">\n\t\t\t\t<div class=\"elementor-element elementor-element-d585097 elementor-widget elementor-widget-heading\" data-id=\"d585097\" data-element_type=\"widget\" data-widget_type=\"heading.default\">\n\t\t\t\t<div class=\"elementor-widget-container\">\n\t\t\t<style>\/*! elementor - v3.18.0 - 20-12-2023 *\/\n.elementor-heading-title{padding:0;margin:0;line-height:1}.elementor-widget-heading .elementor-heading-title[class*=elementor-size-]>a{color:inherit;font-size:inherit;line-height:inherit}.elementor-widget-heading .elementor-heading-title.elementor-size-small{font-size:15px}.elementor-widget-heading .elementor-heading-title.elementor-size-medium{font-size:19px}.elementor-widget-heading .elementor-heading-title.elementor-size-large{font-size:29px}.elementor-widget-heading .elementor-heading-title.elementor-size-xl{font-size:39px}.elementor-widget-heading .elementor-heading-title.elementor-size-xxl{font-size:59px}<\/style><h2 class=\"elementor-heading-title elementor-size-default\"><p>Kisl\u00e9pt\u00e9k\u0171 innov\u00e1ci\u00f3s fejleszt\u00e9s a Pann\u00f3nia B\u00fatorst\u00fadi\u00f3 Kft-n\u00e9l<\/p><\/h2>\t\t<\/div>\n\t\t\t\t<\/div>\n\t\t<div class=\"elementor-element elementor-element-33d1318 e-flex e-con-boxed e-con e-child\" data-id=\"33d1318\" data-element_type=\"container\" data-settings=\"{&quot;content_width&quot;:&quot;boxed&quot;}\">\n\t\t\t\t\t<div class=\"e-con-inner\">\n\t\t\t\t<div class=\"elementor-element elementor-element-36a948c elementor-widget elementor-widget-text-editor\" data-id=\"36a948c\" data-element_type=\"widget\" data-widget_type=\"text-editor.default\">\n\t\t\t\t<div class=\"elementor-widget-container\">\n\t\t\t<style>\/*! elementor - v3.18.0 - 20-12-2023 *\/\n.elementor-widget-text-editor.elementor-drop-cap-view-stacked .elementor-drop-cap{background-color:#69727d;color:#fff}.elementor-widget-text-editor.elementor-drop-cap-view-framed .elementor-drop-cap{color:#69727d;border:3px solid;background-color:transparent}.elementor-widget-text-editor:not(.elementor-drop-cap-view-default) .elementor-drop-cap{margin-top:8px}.elementor-widget-text-editor:not(.elementor-drop-cap-view-default) .elementor-drop-cap-letter{width:1em;height:1em}.elementor-widget-text-editor .elementor-drop-cap{float:left;text-align:center;line-height:1;font-size:50px}.elementor-widget-text-editor .elementor-drop-cap-letter{display:inline-block}<\/style>\t\t\t\t<p class=\"MsoNormal\"><i>\u201eA Gazdas\u00e1gfejleszt\u00e9si \u00e9s Innov\u00e1ci\u00f3s Operat\u00edv Program Plusz keret\u00e9n bel\u00fcl a Nemzeti Fejleszt\u00e9si K\u00f6zpont, mint T\u00e1mogat\u00f3 \u00e1ltal 2024.09.25-\u00e9n GINOP_PLUSZ-2.1.3-24 azonos\u00edt\u00f3 sz\u00e1mon meghirdetett felh\u00edv\u00e1s alapj\u00e1n a Pann\u00f3nia B\u00fatorst\u00fadi\u00f3 Korl\u00e1tolt Felel\u0151ss\u00e9g\u0171 T\u00e1rsas\u00e1g \u00e1ltal 2025.05.08-\u00e1n beny\u00fajtott \u201eKisl\u00e9pt\u00e9k\u0171 innov\u00e1ci\u00f3s fejleszt\u00e9s a Pann\u00f3nia B\u00fatorst\u00fadi\u00f3 Kft-n\u00e9l\u201d t\u00e1mogat\u00e1si k\u00e9relmet a T\u00e1mogat\u00f3 elb\u00edr\u00e1lta, \u00e9s t\u00e1mogat\u00e1sra alkalmasnak min\u0151s\u00edtette.<\/i><\/p>\n<p class=\"MsoNormal\"><i>A szerz\u0151d\u00f6tt t\u00e1mogat\u00e1s \u00f6sszege: 20 965 145 Ft.<\/i><\/p>\n<p class=\"MsoNormal\"><i>A projekt azonos\u00edt\u00f3 sz\u00e1ma: GINOP_PLUSZ-2.1.3-24-2025-01244<\/i><\/p>\n<p class=\"MsoNormal\"><i>A t\u00e1mogat\u00f3i okirat iktat\u00f3sz\u00e1ma: IKT-2025-102-I1-00092764\/0000012<\/i><\/p>\n<p class=\"MsoNormal\"><i>A t\u00e1mogat\u00e1s m\u00e9rt\u00e9ke: 70 %<\/i><\/p>\n<p class=\"MsoNormal\"><i>A projekt megval\u00f3s\u00edt\u00e1s\u00e1nak kezdete: 2025.10.01<\/i><\/p>\n<p class=\"MsoNormal\"><i>A projekt fizikai befejez\u00e9s\u00e9nek tervezett napja: 2027.01.31.<\/i><\/p>\n<p class=\"MsoNormal\"><i>A megval\u00f3s\u00edt\u00e1si helysz\u00edn: 1046 Budapest, Klauz\u00e1l utca 9. <\/i><\/p>\n<p class=\"MsoNormal\"><i>A projekt az Eur\u00f3pai Uni\u00f3 t\u00e1mogat\u00e1s\u00e1val, a magyar \u00e1llam t\u00e1rsfinansz\u00edroz\u00e1s\u00e1val val\u00f3sul meg.\u201d<\/i><\/p>\t\t\t\t\t\t<\/div>\n\t\t\t\t<\/div>\n\t\t\t\t<div class=\"elementor-element elementor-element-3c14cfa elementor-widget elementor-widget-heading\" data-id=\"3c14cfa\" data-element_type=\"widget\" data-widget_type=\"heading.default\">\n\t\t\t\t<div class=\"elementor-widget-container\">\n\t\t\t<h2 class=\"elementor-heading-title elementor-size-default\"><p>A projekt tartalma:<\/p><\/h2>\t\t<\/div>\n\t\t\t\t<\/div>\n\t\t\t\t\t<\/div>\n\t\t\t\t<\/div>\n\t\t<div class=\"elementor-element elementor-element-ad33ab9 e-flex e-con-boxed e-con e-child\" data-id=\"ad33ab9\" data-element_type=\"container\" data-settings=\"{&quot;content_width&quot;:&quot;boxed&quot;}\">\n\t\t\t\t\t<div class=\"e-con-inner\">\n\t\t\t\t<div class=\"elementor-element elementor-element-b0fceea elementor-widget elementor-widget-text-editor\" data-id=\"b0fceea\" data-element_type=\"widget\" data-widget_type=\"text-editor.default\">\n\t\t\t\t<div class=\"elementor-widget-container\">\n\t\t\t\t\t\t\t<p class=\"MsoNormal\">A fejleszt\u00e9s k\u00e9t kiemelt \u00fczleti ter\u00fcletre, a gy\u00e1rt\u00e1sra \u00e9s a marketingre f\u00f3kusz\u00e1l. C\u00e9lunk olyan szervez\u00e9si \u00e9s technol\u00f3giai innov\u00e1ci\u00f3k bevezet\u00e9se, amelyek n\u00f6velik a hat\u00e9konys\u00e1got, cs\u00f6kkentik az \u00e1tfut\u00e1si id\u0151t, \u00e9s rugalmasabb m\u0171k\u00f6d\u00e9st biztos\u00edtanak a v\u00e1ltoz\u00f3 \u00fcgyf\u00e9lig\u00e9nyek mellett.<\/p><p class=\"MsoNormal\">A v\u00e1llalkoz\u00e1s f\u0151 tev\u00e9kenys\u00e9ge egyedi ig\u00e9nyekre szabott b\u00fatorok tervez\u00e9se \u00e9s gy\u00e1rt\u00e1sa, els\u0151sorban konyhab\u00fatorok \u00e9s teljes lak\u00f3t\u00e9rre kiterjed\u0151 bels\u0151\u00e9p\u00edt\u00e9szeti megold\u00e1sok ter\u00fclet\u00e9n. A szolg\u00e1ltat\u00e1sok r\u00e9sze a l\u00e1tv\u00e1nytervez\u00e9s, helysz\u00edni felm\u00e9r\u00e9s \u00e9s szakmai tan\u00e1csad\u00e1s, valamint az orvosi rendel\u0151k \u00e9s irod\u00e1k ergonomikus, el\u0151\u00edr\u00e1soknak megfelel\u0151 berendez\u00e9se.<\/p><p class=\"MsoNormal\">A gy\u00e1rt\u00e1si folyamat fejleszt\u00e9se korszer\u0171 g\u00e9pek bevezet\u00e9s\u00e9vel val\u00f3sul meg, amelyek n\u00f6velik a megmunk\u00e1l\u00e1s pontoss\u00e1g\u00e1t \u00e9s sebess\u00e9g\u00e9t, cs\u00f6kkentik a manu\u00e1lis m\u0171veleteket \u00e9s a hibalehet\u0151s\u00e9geket. Az \u00faj eszk\u00f6z\u00f6k a munkaszervez\u00e9s \u00e1talak\u00edt\u00e1s\u00e1val egy\u00fctt gyorsabb, megb\u00edzhat\u00f3bb \u00e9s rugalmasabb gy\u00e1rt\u00e1st tesznek lehet\u0151v\u00e9.<\/p><p class=\"MsoNormal\">A marketingfolyamatok fejleszt\u00e9se a digit\u00e1lis jelenl\u00e9t \u00e9s az \u00fcgyf\u00e9lkommunik\u00e1ci\u00f3 tudatosabb, szervezettebb m\u0171k\u00f6dtet\u00e9s\u00e9t c\u00e9lozza. A dedik\u00e1lt eszk\u00f6z\u00f6k r\u00e9v\u00e9n hat\u00e9konyabb\u00e1 v\u00e1lik a kamp\u00e1nytervez\u00e9s, a tartalomk\u00e9sz\u00edt\u00e9s \u00e9s a k\u00f6z\u00f6ss\u00e9gi m\u00e9dia menedzsment, valamint az adatvez\u00e9relt d\u00f6nt\u00e9shozatal.<\/p><p>\u00a0<\/p><p class=\"MsoNormal\">A projekt eredm\u00e9nyek\u00e9nt a gy\u00e1rt\u00e1s pontosabb\u00e1 \u00e9s kisz\u00e1m\u00edthat\u00f3bb\u00e1, a marketing pedig tervezhet\u0151v\u00e9 \u00e9s m\u00e9rhet\u0151v\u00e9 v\u00e1lik, ami hossz\u00fa t\u00e1von hozz\u00e1j\u00e1rul a v\u00e1llalkoz\u00e1s stabil \u00e9s versenyk\u00e9pes m\u0171k\u00f6d\u00e9s\u00e9hez.<\/p>\t\t\t\t\t\t<\/div>\n\t\t\t\t<\/div>\n\t\t\t\t\t<\/div>\n\t\t\t\t<\/div>\n\t\t\t\t\t<\/div>\n\t\t\t\t<\/div>\n\t\t\t\t\t\t\t<\/div>","protected":false},"excerpt":{"rendered":"<p>Kisl\u00e9pt\u00e9k\u0171 innov\u00e1ci\u00f3s fejleszt\u00e9s a Pann\u00f3nia B\u00fatorst\u00fadi\u00f3 Kft-n\u00e9l \u201eA Gazdas\u00e1gfejleszt\u00e9si \u00e9s Innov\u00e1ci\u00f3s Operat\u00edv Program Plusz keret\u00e9n bel\u00fcl a Nemzeti Fejleszt\u00e9si K\u00f6zpont, mint T\u00e1mogat\u00f3 \u00e1ltal 2024.09.25-\u00e9n GINOP_PLUSZ-2.1.3-24 azonos\u00edt\u00f3 sz\u00e1mon meghirdetett felh\u00edv\u00e1s alapj\u00e1n a Pann\u00f3nia B\u00fatorst\u00fadi\u00f3 Korl\u00e1tolt Felel\u0151ss\u00e9g\u0171 T\u00e1rsas\u00e1g \u00e1ltal 2025.05.08-\u00e1n beny\u00fajtott \u201eKisl\u00e9pt\u00e9k\u0171 innov\u00e1ci\u00f3s fejleszt\u00e9s a Pann\u00f3nia B\u00fatorst\u00fadi\u00f3 Kft-n\u00e9l\u201d t\u00e1mogat\u00e1si k\u00e9relmet a T\u00e1mogat\u00f3 elb\u00edr\u00e1lta, \u00e9s t\u00e1mogat\u00e1sra alkalmasnak min\u0151s\u00edtette. [&hellip;]<\/p>","protected":false},"author":3,"featured_media":0,"parent":0,"menu_order":0,"comment_status":"closed","ping_status":"closed","template":"","meta":{"footnotes":""},"class_list":["post-2012","page","type-page","status-publish","hentry"],"_links":{"self":[{"href":"https:\/\/www.pannoniabutor.hu\/en\/wp-json\/wp\/v2\/pages\/2012","targetHints":{"allow":["GET"]}}],"collection":[{"href":"https:\/\/www.pannoniabutor.hu\/en\/wp-json\/wp\/v2\/pages"}],"about":[{"href":"https:\/\/www.pannoniabutor.hu\/en\/wp-json\/wp\/v2\/types\/page"}],"author":[{"embeddable":true,"href":"https:\/\/www.pannoniabutor.hu\/en\/wp-json\/wp\/v2\/users\/3"}],"replies":[{"embeddable":true,"href":"https:\/\/www.pannoniabutor.hu\/en\/wp-json\/wp\/v2\/comments?post=2012"}],"version-history":[{"count":9,"href":"https:\/\/www.pannoniabutor.hu\/en\/wp-json\/wp\/v2\/pages\/2012\/revisions"}],"predecessor-version":[{"id":2026,"href":"https:\/\/www.pannoniabutor.hu\/en\/wp-json\/wp\/v2\/pages\/2012\/revisions\/2026"}],"wp:attachment":[{"href":"https:\/\/www.pannoniabutor.hu\/en\/wp-json\/wp\/v2\/media?parent=2012"}],"curies":[{"name":"wp","href":"https:\/\/api.w.org\/{rel}","templated":true}]}}